{"id":1846,"date":"2021-03-07T05:19:08","date_gmt":"2021-03-07T05:19:08","guid":{"rendered":"http:\/\/ceylonempiretravels.com\/?page_id=1846"},"modified":"2023-02-22T04:42:54","modified_gmt":"2023-02-22T04:42:54","slug":"contact","status":"publish","type":"page","link":"https:\/\/ceylonempiretravels.com\/fr\/contact\/","title":{"rendered":"Contact"},"content":{"rendered":"\t\t<div data-elementor-type=\"wp-page\" data-elementor-id=\"1846\" class=\"elementor elementor-1846\">\n\t\t\t\t\t\t<section class=\"elementor-section elementor-top-section elementor-element elementor-element-267b1767 elementor-section-full_width elementor-section-stretched elementor-section-height-default elementor-section-height-default\" data-id=\"267b1767\" data-element_type=\"section\" data-settings=\"{&quot;stretch_section&quot;:&quot;section-stretched&quot;}\">\n\t\t\t\t\t\t<div class=\"elementor-container elementor-column-gap-no\">\n\t\t\t\t\t<div class=\"elementor-column elementor-col-100 elementor-top-column elementor-element elementor-element-8d657a9\" data-id=\"8d657a9\" data-element_type=\"column\">\n\t\t\t<div class=\"elementor-widget-wrap elementor-element-populated\">\n\t\t\t\t\t\t<div class=\"elementor-element elementor-element-19cf2353 elementor-widget elementor-widget-travio_contact_form\" data-id=\"19cf2353\" data-element_type=\"widget\" data-widget_type=\"travio_contact_form.default\">\n\t\t\t\t<div class=\"elementor-widget-container\">\n\t\t\t\t\t\n<!-- contact-section -->\n<section class=\"contact-section\">\n            <div class=\"auto-container\">\n                <div class=\"row clearfix\">\n                    <div class=\"col-lg-5 col-md-12 col-sm-12 content-column\">\n                        <div class=\"content_block_5\">\n                            <div class=\"content-box\">\n                                <div class=\"sec-title\">\n                                    <p>ENTRER EN CONTACT<\/p>\n                                    <h2>Pour toute demande, contactez-nous<\/h2>\n                                <\/div>\n                                <div class=\"text\">\n                                    <p>Pour toutedemande de renseignements, veuillezremplirceformulaire pour soumettrevotredemande et l'un de nos consultants de voyage vouscontactera dans 5 minutes.<\/p>\n                                <\/div>\n                                <ul class=\"social-links clearfix\">\n                                    <li><a href=\"https:\/\/www.facebook.com\/CeylonEmpireTravelsSriLanka\"><i class=\"fab fa-facebook-f\"><\/i><\/a>                                <\/ul>\n                            <\/div>\n                        <\/div>\n                    <\/div>\n                    <div class=\"col-lg-7 col-md-12 col-sm-12 form-column\">\n                        <div class=\"form-inner\">\n                            \n<div class=\"wpcf7 no-js\" id=\"wpcf7-f953-o1\" lang=\"en-US\" dir=\"ltr\" data-wpcf7-id=\"953\">\n<div class=\"screen-reader-response\"><p role=\"status\" aria-live=\"polite\" aria-atomic=\"true\"><\/p> <ul><\/ul><\/div>\n<form action=\"\/fr\/wp-json\/wp\/v2\/pages\/1846#wpcf7-f953-o1\" method=\"post\" class=\"wpcf7-form init\" aria-label=\"Contact form\" novalidate=\"novalidate\" data-status=\"init\">\n<div style=\"display: none;\">\n<input type=\"hidden\" name=\"_wpcf7\" value=\"953\" \/>\n<input type=\"hidden\" name=\"_wpcf7_version\" value=\"6.0.6\" \/>\n<input type=\"hidden\" name=\"_wpcf7_locale\" value=\"en_US\" \/>\n<input type=\"hidden\" name=\"_wpcf7_unit_tag\" value=\"wpcf7-f953-o1\" \/>\n<input type=\"hidden\" name=\"_wpcf7_container_post\" value=\"0\" \/>\n<input type=\"hidden\" name=\"_wpcf7_posted_data_hash\" value=\"\" \/>\n<\/div>\n<div class=\"default-form\">\n\t<div class=\"row clearfix\">\n\t\t<div class=\"col-lg-6 col-md-6 col-sm-12 form-group\">\n\t\t\t<p><span class=\"wpcf7-form-control-wrap\" data-name=\"your-name\"><input size=\"40\" maxlength=\"400\" class=\"wpcf7-form-control wpcf7-text wpcf7-validates-as-required\" aria-required=\"true\" aria-invalid=\"false\" placeholder=\"Votre Nom\" value=\"\" type=\"text\" name=\"your-name\" \/><\/span>\n\t\t\t<\/p>\n\t\t<\/div>\n\t\t<div class=\"col-lg-6 col-md-6 col-sm-12 form-group\">\n\t\t\t<p><span class=\"wpcf7-form-control-wrap\" data-name=\"your-email\"><input size=\"40\" maxlength=\"400\" class=\"wpcf7-form-control wpcf7-email wpcf7-validates-as-required wpcf7-text wpcf7-validates-as-email\" aria-required=\"true\" aria-invalid=\"false\" placeholder=\"L&#039;adresse e-mail\" value=\"\" type=\"email\" name=\"your-email\" \/><\/span>\n\t\t\t<\/p>\n\t\t<\/div>\n\t\t<div class=\"col-lg-6 col-md-12 col-sm-12 form-group\">\n\t\t\t<p><span class=\"wpcf7-form-control-wrap your-phone\"><input size=\"40\" class=\"wpcf7-form-control wpcf7-phonetext wpcf7-validates-as-required wpcf7-text\" aria-required=\"true\" aria-invalid=\"false\" placeholder=\"Telephone\" value=\"\" type=\"text\" name=\"your-phone\" \/><input type=\"hidden\" name=\"your-phone-country-code\" class=\"wpcf7-phonetext-country-code\" \/><\/span>\n\t\t\t<\/p>\n\t\t<\/div>\n\t\t<div class=\"col-lg-6 col-md-12 col-sm-12 form-group\">\n\t\t\t<p><span class=\"wpcf7-form-control-wrap\" data-name=\"country\"><input size=\"40\" maxlength=\"400\" class=\"wpcf7-form-control wpcf7-text wpcf7-validates-as-required\" aria-required=\"true\" aria-invalid=\"false\" placeholder=\"Pays\" value=\"\" type=\"text\" name=\"country\" \/><\/span>\n\t\t\t<\/p>\n\t\t<\/div>\n\t\t<div class=\"col-lg-12 col-md-12 col-sm-12 form-group\">\n\t\t\t<p><span class=\"wpcf7-form-control-wrap\" data-name=\"your-message\"><textarea cols=\"40\" rows=\"10\" maxlength=\"2000\" class=\"wpcf7-form-control wpcf7-textarea\" aria-invalid=\"false\" placeholder=\"Exigences\" name=\"your-message\"><\/textarea><\/span>\n\t\t\t<\/p>\n\t\t<\/div>\n\t\t<div class=\"col-lg-12 col-md-12 col-sm-12 form-group message-btn\">\n\t\t\t<p><button class=\"theme-btn\" type=\"submit\" name=\"submit-form\">Soumettre<\/button>\n\t\t\t<\/p>\n\t\t<\/div>\n\t<\/div>\n<\/div><div class=\"wpcf7-response-output\" aria-hidden=\"true\"><\/div>\n<\/form>\n<\/div>\n                        <\/div>\n                    <\/div>\n                <\/div>\n            <\/div>\n        <\/section>\n        <!-- contact-section end -->\n\n\t\t\t\t\t\t<\/div>\n\t\t\t\t<\/div>\n\t\t\t\t\t<\/div>\n\t\t<\/div>\n\t\t\t\t\t<\/div>\n\t\t<\/section>\n\t\t\t\t<section class=\"elementor-section elementor-top-section elementor-element elementor-element-b678aac elementor-section-full_width elementor-section-stretched elementor-section-height-default elementor-section-height-default\" data-id=\"b678aac\" data-element_type=\"section\" data-settings=\"{&quot;stretch_section&quot;:&quot;section-stretched&quot;}\">\n\t\t\t\t\t\t<div class=\"elementor-container elementor-column-gap-no\">\n\t\t\t\t\t<div class=\"elementor-column elementor-col-100 elementor-top-column elementor-element elementor-element-72de4d3\" data-id=\"72de4d3\" data-element_type=\"column\">\n\t\t\t<div class=\"elementor-widget-wrap elementor-element-populated\">\n\t\t\t\t\t\t<div class=\"elementor-element elementor-element-6483084 elementor-widget elementor-widget-html\" data-id=\"6483084\" data-element_type=\"widget\" data-widget_type=\"html.default\">\n\t\t\t\t<div class=\"elementor-widget-container\">\n\t\t\t\t\t<style>\n    .single-info-box .inner-box p {\n    font-size: 13px;\n    line-height: 16px;\n    color: #808080;\n}\n<\/style>\t\t\t\t<\/div>\n\t\t\t\t<\/div>\n\t\t\t\t<div class=\"elementor-element elementor-element-112ce7a elementor-widget elementor-widget-travio_contact\" data-id=\"112ce7a\" data-element_type=\"widget\" data-widget_type=\"travio_contact.default\">\n\t\t\t\t<div class=\"elementor-widget-container\">\n\t\t\t\t\t\t\t<section class=\"contact-info-section bg-color-1\">\n\t\t\t<div class=\"anim-icon\">\n\t\t\t\t<div class=\"icon anim-icon-1\" style=\"background-image: url(https:\/\/ceylonempiretravels.com\/fr\/wp-content\/uploads\/2021\/02\/shape-3.png);\"><\/div>\n\t\t\t\t<div class=\"icon anim-icon-2\" style=\"background-image: url(https:\/\/ceylonempiretravels.com\/fr\/wp-content\/uploads\/2021\/02\/shape-3.png);\"><\/div>\n\t\t\t<\/div>\n\t\t\t<div class=\"auto-container\">\n\t\t\t\t<div class=\"row clearfix\">\n\t\t\t\t\t\t\t\t\t\t\t<div class=\"col-lg-4 col-md-6 col-sm-12 info-column\">\n\t\t\t\t\t\t\t<div class=\"single-info-box\">\n\t\t\t\t\t\t\t\t<div class=\"inner-box\">\n\t\t\t\t\t\t\t\t\t<div class=\"icon-box\"><i aria-hidden=\"true\" class=\" icon-Location\"><\/i><\/i><\/div>\n\t\t\t\t\t\t\t\t\t<h3>Adresse<\/h3>\n\t\t\t\t\t\t\t\t\t<p>447 1\/3, Pepiliyana, Colombo - Horana Road, Boralesgamuwa 10290, Sri Lanka<\/p>\n\t\t\t\t\t\t\t\t<\/div>\n\t\t\t\t\t\t\t<\/div>\n\t\t\t\t\t\t<\/div>\n\t\t\t\t\t\t\t\t\t\t\t\t<div class=\"col-lg-4 col-md-6 col-sm-12 info-column\">\n\t\t\t\t\t\t\t<div class=\"single-info-box\">\n\t\t\t\t\t\t\t\t<div class=\"inner-box\">\n\t\t\t\t\t\t\t\t\t<div class=\"icon-box\"><i aria-hidden=\"true\" class=\" icon-Phone\"><\/i><\/i><\/div>\n\t\t\t\t\t\t\t\t\t<h3>Num\u00e9ro de T\u00e9l\u00e9phone<\/h3>\n\t\t\t\t\t\t\t\t\t<p><a href=\"tel:+94770441887\">+94770441887<\/a><\/p>\n\t\t\t\t\t\t\t\t<\/div>\n\t\t\t\t\t\t\t<\/div>\n\t\t\t\t\t\t<\/div>\n\t\t\t\t\t\t\t\t\t\t\t\t<div class=\"col-lg-4 col-md-6 col-sm-12 info-column\">\n\t\t\t\t\t\t\t<div class=\"single-info-box\">\n\t\t\t\t\t\t\t\t<div class=\"inner-box\">\n\t\t\t\t\t\t\t\t\t<div class=\"icon-box\"><i aria-hidden=\"true\" class=\" icon-Envelope\"><\/i><\/i><\/div>\n\t\t\t\t\t\t\t\t\t<h3>L\u2019adresse e-mail<\/h3>\n\t\t\t\t\t\t\t\t\t<p><a href=\"mailto:isurika@ceylonempiretravels.com\">isurika@ceylonempiretravels.com<\/a><\/p>\n\t\t\t\t\t\t\t\t<\/div>\n\t\t\t\t\t\t\t<\/div>\n\t\t\t\t\t\t<\/div>\n\t\t\t\t\t\t\t\t\t\t<\/div>\n\t\t\t<\/div>\n\t\t<\/section>\n\t\t\t\t\t\t<\/div>\n\t\t\t\t<\/div>\n\t\t\t\t\t<\/div>\n\t\t<\/div>\n\t\t\t\t\t<\/div>\n\t\t<\/section>\n\t\t\t\t<\/div>\n\t\t","protected":false},"excerpt":{"rendered":"<p>ENTRER EN CONTACT Pour toute demande, contactez-nous Pour toutedemande de renseignements, veuillezremplirceformulaire pour soumettrevotredemande et l&#8217;un de nos consultants de voyage vouscontactera dans 5 minutes. Soumettre Adresse 447 1\/3, Pepiliyana, Colombo &#8211; Horana Road, Boralesgamuwa 10290, Sri Lanka Num\u00e9ro de T\u00e9l\u00e9phone +94770441887 L\u2019adresse e-mail isurika@ceylonempiretravels.com<\/p>\n","protected":false},"author":1,"featured_media":4978,"parent":0,"menu_order":0,"comment_status":"closed","ping_status":"closed","template":"elementor_header_footer","meta":{"footnotes":""},"class_list":["post-1846","page","type-page","status-publish","has-post-thumbnail","hentry"],"yoast_head":"<!-- This site is optimized with the Yoast SEO plugin v27.4 - https:\/\/yoast.com\/product\/yoast-seo-wordpress\/ -->\n<title>Contact - Ceylon Empire Travels<\/title>\n<meta name=\"robots\" content=\"index, follow, max-snippet:-1, max-image-preview:large, max-video-preview:-1\" \/>\n<link rel=\"canonical\" href=\"https:\/\/ceylonempiretravels.com\/fr\/contact\/\" \/>\n<meta property=\"og:locale\" content=\"fr_FR\" \/>\n<meta property=\"og:type\" content=\"article\" \/>\n<meta property=\"og:title\" content=\"Contact - Ceylon Empire Travels\" \/>\n<meta property=\"og:description\" content=\"ENTRER EN CONTACT Pour toute demande, contactez-nous Pour toutedemande de renseignements, veuillezremplirceformulaire pour soumettrevotredemande et l&#8217;un de nos consultants de voyage vouscontactera dans 5 minutes. Soumettre Adresse 447 1\/3, Pepiliyana, Colombo &#8211; Horana Road, Boralesgamuwa 10290, Sri Lanka Num\u00e9ro de T\u00e9l\u00e9phone +94770441887 L\u2019adresse e-mail isurika@ceylonempiretravels.com\" \/>\n<meta property=\"og:url\" content=\"https:\/\/ceylonempiretravels.com\/fr\/contact\/\" \/>\n<meta property=\"og:site_name\" content=\"Ceylon Empire Travels\" \/>\n<meta property=\"article:modified_time\" content=\"2023-02-22T04:42:54+00:00\" \/>\n<meta property=\"og:image\" content=\"https:\/\/ceylonempiretravels.com\/fr\/wp-content\/uploads\/2022\/08\/Ella-2.png\" \/>\n\t<meta property=\"og:image:width\" content=\"1200\" \/>\n\t<meta property=\"og:image:height\" content=\"799\" \/>\n\t<meta property=\"og:image:type\" content=\"image\/png\" \/>\n<meta name=\"twitter:card\" content=\"summary_large_image\" \/>\n<meta name=\"twitter:label1\" content=\"Dur\u00e9e de lecture estim\u00e9e\" \/>\n\t<meta name=\"twitter:data1\" content=\"1 minute\" \/>\n<script type=\"application\/ld+json\" class=\"yoast-schema-graph\">{\"@context\":\"https:\\\/\\\/schema.org\",\"@graph\":[{\"@type\":\"WebPage\",\"@id\":\"https:\\\/\\\/ceylonempiretravels.com\\\/fr\\\/contact\\\/\",\"url\":\"https:\\\/\\\/ceylonempiretravels.com\\\/fr\\\/contact\\\/\",\"name\":\"Contact - Ceylon Empire Travels\",\"isPartOf\":{\"@id\":\"https:\\\/\\\/ceylonempiretravels.com\\\/fr\\\/#website\"},\"primaryImageOfPage\":{\"@id\":\"https:\\\/\\\/ceylonempiretravels.com\\\/fr\\\/contact\\\/#primaryimage\"},\"image\":{\"@id\":\"https:\\\/\\\/ceylonempiretravels.com\\\/fr\\\/contact\\\/#primaryimage\"},\"thumbnailUrl\":\"https:\\\/\\\/ceylonempiretravels.com\\\/fr\\\/wp-content\\\/uploads\\\/2022\\\/08\\\/Ella-2.png\",\"datePublished\":\"2021-03-07T05:19:08+00:00\",\"dateModified\":\"2023-02-22T04:42:54+00:00\",\"breadcrumb\":{\"@id\":\"https:\\\/\\\/ceylonempiretravels.com\\\/fr\\\/contact\\\/#breadcrumb\"},\"inLanguage\":\"fr-FR\",\"potentialAction\":[{\"@type\":\"ReadAction\",\"target\":[\"https:\\\/\\\/ceylonempiretravels.com\\\/fr\\\/contact\\\/\"]}]},{\"@type\":\"ImageObject\",\"inLanguage\":\"fr-FR\",\"@id\":\"https:\\\/\\\/ceylonempiretravels.com\\\/fr\\\/contact\\\/#primaryimage\",\"url\":\"https:\\\/\\\/ceylonempiretravels.com\\\/fr\\\/wp-content\\\/uploads\\\/2022\\\/08\\\/Ella-2.png\",\"contentUrl\":\"https:\\\/\\\/ceylonempiretravels.com\\\/fr\\\/wp-content\\\/uploads\\\/2022\\\/08\\\/Ella-2.png\",\"width\":1200,\"height\":799,\"caption\":\"Ella\"},{\"@type\":\"BreadcrumbList\",\"@id\":\"https:\\\/\\\/ceylonempiretravels.com\\\/fr\\\/contact\\\/#breadcrumb\",\"itemListElement\":[{\"@type\":\"ListItem\",\"position\":1,\"name\":\"Home\",\"item\":\"https:\\\/\\\/ceylonempiretravels.com\\\/fr\\\/\"},{\"@type\":\"ListItem\",\"position\":2,\"name\":\"Contact\"}]},{\"@type\":\"WebSite\",\"@id\":\"https:\\\/\\\/ceylonempiretravels.com\\\/fr\\\/#website\",\"url\":\"https:\\\/\\\/ceylonempiretravels.com\\\/fr\\\/\",\"name\":\"Ceylon Empire Travels\",\"description\":\"\",\"publisher\":{\"@id\":\"https:\\\/\\\/ceylonempiretravels.com\\\/fr\\\/#organization\"},\"potentialAction\":[{\"@type\":\"SearchAction\",\"target\":{\"@type\":\"EntryPoint\",\"urlTemplate\":\"https:\\\/\\\/ceylonempiretravels.com\\\/fr\\\/?s={search_term_string}\"},\"query-input\":{\"@type\":\"PropertyValueSpecification\",\"valueRequired\":true,\"valueName\":\"search_term_string\"}}],\"inLanguage\":\"fr-FR\"},{\"@type\":\"Organization\",\"@id\":\"https:\\\/\\\/ceylonempiretravels.com\\\/fr\\\/#organization\",\"name\":\"Ceylon Empire Travels\",\"url\":\"https:\\\/\\\/ceylonempiretravels.com\\\/fr\\\/\",\"logo\":{\"@type\":\"ImageObject\",\"inLanguage\":\"fr-FR\",\"@id\":\"https:\\\/\\\/ceylonempiretravels.com\\\/fr\\\/#\\\/schema\\\/logo\\\/image\\\/\",\"url\":\"https:\\\/\\\/ceylonempiretravels.com\\\/fr\\\/wp-content\\\/uploads\\\/2022\\\/08\\\/Ceylon-Empire-Travels-Web-Logo.png\",\"contentUrl\":\"https:\\\/\\\/ceylonempiretravels.com\\\/fr\\\/wp-content\\\/uploads\\\/2022\\\/08\\\/Ceylon-Empire-Travels-Web-Logo.png\",\"width\":640,\"height\":172,\"caption\":\"Ceylon Empire Travels\"},\"image\":{\"@id\":\"https:\\\/\\\/ceylonempiretravels.com\\\/fr\\\/#\\\/schema\\\/logo\\\/image\\\/\"}}]}<\/script>\n<!-- \/ Yoast SEO plugin. -->","yoast_head_json":{"title":"Contact - Ceylon Empire Travels","robots":{"index":"index","follow":"follow","max-snippet":"max-snippet:-1","max-image-preview":"max-image-preview:large","max-video-preview":"max-video-preview:-1"},"canonical":"https:\/\/ceylonempiretravels.com\/fr\/contact\/","og_locale":"fr_FR","og_type":"article","og_title":"Contact - Ceylon Empire Travels","og_description":"ENTRER EN CONTACT Pour toute demande, contactez-nous Pour toutedemande de renseignements, veuillezremplirceformulaire pour soumettrevotredemande et l&#8217;un de nos consultants de voyage vouscontactera dans 5 minutes. Soumettre Adresse 447 1\/3, Pepiliyana, Colombo &#8211; Horana Road, Boralesgamuwa 10290, Sri Lanka Num\u00e9ro de T\u00e9l\u00e9phone +94770441887 L\u2019adresse e-mail isurika@ceylonempiretravels.com","og_url":"https:\/\/ceylonempiretravels.com\/fr\/contact\/","og_site_name":"Ceylon Empire Travels","article_modified_time":"2023-02-22T04:42:54+00:00","og_image":[{"width":1200,"height":799,"url":"https:\/\/ceylonempiretravels.com\/fr\/wp-content\/uploads\/2022\/08\/Ella-2.png","type":"image\/png"}],"twitter_card":"summary_large_image","twitter_misc":{"Dur\u00e9e de lecture estim\u00e9e":"1 minute"},"schema":{"@context":"https:\/\/schema.org","@graph":[{"@type":"WebPage","@id":"https:\/\/ceylonempiretravels.com\/fr\/contact\/","url":"https:\/\/ceylonempiretravels.com\/fr\/contact\/","name":"Contact - Ceylon Empire Travels","isPartOf":{"@id":"https:\/\/ceylonempiretravels.com\/fr\/#website"},"primaryImageOfPage":{"@id":"https:\/\/ceylonempiretravels.com\/fr\/contact\/#primaryimage"},"image":{"@id":"https:\/\/ceylonempiretravels.com\/fr\/contact\/#primaryimage"},"thumbnailUrl":"https:\/\/ceylonempiretravels.com\/fr\/wp-content\/uploads\/2022\/08\/Ella-2.png","datePublished":"2021-03-07T05:19:08+00:00","dateModified":"2023-02-22T04:42:54+00:00","breadcrumb":{"@id":"https:\/\/ceylonempiretravels.com\/fr\/contact\/#breadcrumb"},"inLanguage":"fr-FR","potentialAction":[{"@type":"ReadAction","target":["https:\/\/ceylonempiretravels.com\/fr\/contact\/"]}]},{"@type":"ImageObject","inLanguage":"fr-FR","@id":"https:\/\/ceylonempiretravels.com\/fr\/contact\/#primaryimage","url":"https:\/\/ceylonempiretravels.com\/fr\/wp-content\/uploads\/2022\/08\/Ella-2.png","contentUrl":"https:\/\/ceylonempiretravels.com\/fr\/wp-content\/uploads\/2022\/08\/Ella-2.png","width":1200,"height":799,"caption":"Ella"},{"@type":"BreadcrumbList","@id":"https:\/\/ceylonempiretravels.com\/fr\/contact\/#breadcrumb","itemListElement":[{"@type":"ListItem","position":1,"name":"Home","item":"https:\/\/ceylonempiretravels.com\/fr\/"},{"@type":"ListItem","position":2,"name":"Contact"}]},{"@type":"WebSite","@id":"https:\/\/ceylonempiretravels.com\/fr\/#website","url":"https:\/\/ceylonempiretravels.com\/fr\/","name":"Ceylon Empire Travels","description":"","publisher":{"@id":"https:\/\/ceylonempiretravels.com\/fr\/#organization"},"potentialAction":[{"@type":"SearchAction","target":{"@type":"EntryPoint","urlTemplate":"https:\/\/ceylonempiretravels.com\/fr\/?s={search_term_string}"},"query-input":{"@type":"PropertyValueSpecification","valueRequired":true,"valueName":"search_term_string"}}],"inLanguage":"fr-FR"},{"@type":"Organization","@id":"https:\/\/ceylonempiretravels.com\/fr\/#organization","name":"Ceylon Empire Travels","url":"https:\/\/ceylonempiretravels.com\/fr\/","logo":{"@type":"ImageObject","inLanguage":"fr-FR","@id":"https:\/\/ceylonempiretravels.com\/fr\/#\/schema\/logo\/image\/","url":"https:\/\/ceylonempiretravels.com\/fr\/wp-content\/uploads\/2022\/08\/Ceylon-Empire-Travels-Web-Logo.png","contentUrl":"https:\/\/ceylonempiretravels.com\/fr\/wp-content\/uploads\/2022\/08\/Ceylon-Empire-Travels-Web-Logo.png","width":640,"height":172,"caption":"Ceylon Empire Travels"},"image":{"@id":"https:\/\/ceylonempiretravels.com\/fr\/#\/schema\/logo\/image\/"}}]}},"_links":{"self":[{"href":"https:\/\/ceylonempiretravels.com\/fr\/wp-json\/wp\/v2\/pages\/1846","targetHints":{"allow":["GET"]}}],"collection":[{"href":"https:\/\/ceylonempiretravels.com\/fr\/wp-json\/wp\/v2\/pages"}],"about":[{"href":"https:\/\/ceylonempiretravels.com\/fr\/wp-json\/wp\/v2\/types\/page"}],"author":[{"embeddable":true,"href":"https:\/\/ceylonempiretravels.com\/fr\/wp-json\/wp\/v2\/users\/1"}],"replies":[{"embeddable":true,"href":"https:\/\/ceylonempiretravels.com\/fr\/wp-json\/wp\/v2\/comments?post=1846"}],"version-history":[{"count":22,"href":"https:\/\/ceylonempiretravels.com\/fr\/wp-json\/wp\/v2\/pages\/1846\/revisions"}],"predecessor-version":[{"id":5828,"href":"https:\/\/ceylonempiretravels.com\/fr\/wp-json\/wp\/v2\/pages\/1846\/revisions\/5828"}],"wp:featuredmedia":[{"embeddable":true,"href":"https:\/\/ceylonempiretravels.com\/fr\/wp-json\/wp\/v2\/media\/4978"}],"wp:attachment":[{"href":"https:\/\/ceylonempiretravels.com\/fr\/wp-json\/wp\/v2\/media?parent=1846"}],"curies":[{"name":"wp","href":"https:\/\/api.w.org\/{rel}","templated":true}]}}